{"id":3265,"date":"2023-08-27T11:15:41","date_gmt":"2023-08-27T11:15:41","guid":{"rendered":"https:\/\/welysis.com\/mention-legale"},"modified":"2024-08-05T15:58:47","modified_gmt":"2024-08-05T15:58:47","slug":"mention-legale","status":"publish","type":"page","link":"https:\/\/welysis.com\/fr\/mention-legale","title":{"rendered":"MENTIONS L\u00c9GALES"},"content":{"rendered":"\t\t<div data-elementor-type=\"wp-page\" data-elementor-id=\"3265\" class=\"elementor elementor-3265 elementor-3179\" data-elementor-post-type=\"page\">\n\t\t\t\t\t\t<section class=\"elementor-section elementor-top-section elementor-element elementor-element-f420cd2 elementor-section-boxed elementor-section-height-default elementor-section-height-default\" data-id=\"f420cd2\" data-element_type=\"section\">\n\t\t\t\t\t\t<div class=\"elementor-container elementor-column-gap-default\">\n\t\t\t\t\t<div class=\"elementor-column elementor-col-100 elementor-top-column elementor-element elementor-element-fb54eab\" data-id=\"fb54eab\" data-element_type=\"column\">\n\t\t\t<div class=\"elementor-widget-wrap elementor-element-populated\">\n\t\t\t\t\t\t<div class=\"elementor-element elementor-element-f260604 elementor-widget elementor-widget-text-editor\" data-id=\"f260604\" data-element_type=\"widget\" data-widget_type=\"text-editor.default\">\n\t\t\t\t<div class=\"elementor-widget-container\">\n\t\t\t\t\t\t\t\t\t<p>Titulaire vous informe de sa politique de confidentialit\u00e9 concernant le traitement et la protection des donn\u00e9es personnelles des utilisateurs et des clients qui peuvent \u00eatre collect\u00e9es en naviguant ou en contractant des services via le site welysis.com.<\/p><p>En ce sens, le propri\u00e9taire garantit le respect de la r\u00e9glementation en vigueur sur la protection des donn\u00e9es personnelles, refl\u00e9t\u00e9e dans la loi organique 3\/2018, du 5 d\u00e9cembre, sur la protection des donn\u00e9es personnelles et la garantie des droits num\u00e9riques (LOPD GDD) . Il est \u00e9galement conforme au R\u00e8glement (UE) 2016\/679 du Parlement europ\u00e9en et du Conseil du 27 avril 2016 relatif \u00e0 la protection des personnes physiques (RGPD). L\u2019utilisation du site implique l\u2019acceptation de la pr\u00e9sente Politique de confidentialit\u00e9 ainsi que des conditions incluses dans les mentions l\u00e9gales.<\/p><h4>Identit\u00e9 du responsable<\/h4><p>Titulaire : Welysis<br \/>DES DONN\u00c9ES DE L&rsquo;\u00c9COLE PROFESSIONNELLE<br \/>NIF\/CIF : B76812791<br \/>Adresse :Calafate S\/N D\u00e1rsena Pesquera-mail : info@welysis.com<br \/>Site Web : welysis.com<\/p><h4>Principes appliqu\u00e9s dans le traitement des donn\u00e9es Dans<\/h4><p>Dans le traitement de vos donn\u00e9es personnelles, le Propri\u00e9taire appliquera les principes suivants conformes aux exigences du nouveau r\u00e8glement europ\u00e9en sur la protection des donn\u00e9es :<\/p><p><br \/>Principe de l\u00e9galit\u00e9, loyaut\u00e9 et transparence : le Titulaire aura toujours besoin du consentement pour le traitement de vos donn\u00e9es personnelles, qui peut \u00eatre pour une ou plusieurs finalit\u00e9s sp\u00e9cifiques dont il vous informera au pr\u00e9alable en toute transparence.<br \/><br \/>Principe de minimisation des donn\u00e9es : le Propri\u00e9taire ne demandera que les donn\u00e9es strictement n\u00e9cessaires \u00e0 la ou aux finalit\u00e9s pour lesquelles elles sont demand\u00e9es.<br \/>Principe de limitation de la dur\u00e9e de conservation : Les donn\u00e9es seront conserv\u00e9es pendant la dur\u00e9e strictement n\u00e9cessaire \u00e0 la ou aux finalit\u00e9s de traitement.<br \/><br \/>Le Propri\u00e9taire vous informera de la p\u00e9riode de conservation correspondante en fonction de la finalit\u00e9. Dans le cas d\u2019abonnements, le Titulaire r\u00e9visera p\u00e9riodiquement les listes et \u00e9liminera les enregistrements inactifs pendant un temps consid\u00e9rable.<br \/>Principe d\u2019int\u00e9grit\u00e9 et de confidentialit\u00e9 : vos donn\u00e9es seront trait\u00e9es de mani\u00e8re \u00e0 garantir leur s\u00e9curit\u00e9, leur confidentialit\u00e9 et leur int\u00e9grit\u00e9. Vous devez savoir que le Propri\u00e9taire prend les pr\u00e9cautions n\u00e9cessaires pour emp\u00eacher l\u2019acc\u00e8s non autoris\u00e9 ou l\u2019utilisation abusive des donn\u00e9es de ses utilisateurs par des tiers.<\/p><h4>Obtention de donn\u00e9es personnelles<\/h4><p>Pour naviguer sur le SITE, vous n\u2019avez pas besoin de fournir de donn\u00e9es personnelles. Les cas dans lesquels vous fournissez vos donn\u00e9es personnelles sont les suivants :<br \/>En contactant via les formulaires de contact ou en envoyant un e-mail.<\/p><h4>Vos droits<\/h4><p>Le titulaire vous informe qu\u2019en ce qui concerne vos donn\u00e9es personnelles, vous avez le droit de :<br \/><br \/>Demander l\u2019acc\u00e8s aux donn\u00e9es stock\u00e9es. Demander une rectification ou une annulation.<br \/>Demander la limitation de son traitement.<br \/>S\u2019opposer au traitement.<br \/>Demander la portabilit\u00e9 de vos donn\u00e9es.<br \/><br \/>L\u2019exercice de ces droits est personnel et doit donc \u00eatre exerc\u00e9 directement par l\u2019int\u00e9ress\u00e9, en demandant directement aupr\u00e8s du Propri\u00e9taire, ce qui signifie que tout client, abonn\u00e9 ou collaborateur qui a fourni ses donn\u00e9es \u00e0 tout moment peut contacter le Propri\u00e9taire et demander des informations sur les donn\u00e9es qu\u2019il a stock\u00e9es et comment il les a obtenues, demander leur rectification, demander la portabilit\u00e9 de vos donn\u00e9es personnelles, s\u2019opposer au traitement, limiter son utilisation ou demander l\u2019annulation desdites donn\u00e9es dans les fichiers du Propri\u00e9taire.<br \/><br \/>Pour exercer vos droits d\u2019acc\u00e8s, de rectification, d\u2019annulation, de portabilit\u00e9 et d\u2019opposition, vous devez envoyer un courrier \u00e9lectronique \u00e0 info@welysis.com accompagn\u00e9 d\u2019une preuve l\u00e9gale valide telle qu\u2019une photocopie de votre carte d\u2019identit\u00e9 ou \u00e9quivalent.<br \/><br \/>Vous avez le droit \u00e0 une protection judiciaire efficace et \u00e0 d\u00e9poser une r\u00e9clamation aupr\u00e8s de l\u2019autorit\u00e9 de contr\u00f4le, en l\u2019occurrence l\u2019Agence espagnole de protection des donn\u00e9es, si vous consid\u00e9rez que le traitement des donn\u00e9es personnelles vous concernant viole le r\u00e8glement.<\/p><h4>Finalit\u00e9 du traitement des donn\u00e9es personnelles<\/h4><p>Lorsque vous vous connectez au site Web pour envoyer un e-mail au Propri\u00e9taire, vous abonner \u00e0 sa newsletter ou conclure un contrat, vous fournissez des informations personnelles dont le Propri\u00e9taire est responsable. Ces informations peuvent inclure des donn\u00e9es personnelles telles que votre adresse IP, vos nom et pr\u00e9nom, votre adresse physique, votre adresse e-mail, votre num\u00e9ro de t\u00e9l\u00e9phone et d\u2019autres informations. En fournissant ces informations, vous consentez \u00e0 ce que vos informations soient collect\u00e9es, utilis\u00e9es, g\u00e9r\u00e9es et stock\u00e9es par un administrateur, uniquement comme d\u00e9crit dans les mentions l\u00e9gales et dans la pr\u00e9sente Politique de confidentialit\u00e9.<br \/>Les donn\u00e9es personnelles et la finalit\u00e9 du traitement par le Propri\u00e9taire sont diff\u00e9rentes selon le syst\u00e8me de capture d\u2019informations :<br \/><br \/>Formulaires de contact : Le Propri\u00e9taire demande des donn\u00e9es personnelles, parmi lesquelles peuvent figurer : Nom et pr\u00e9nom, adresse e-mail, num\u00e9ro de t\u00e9l\u00e9phone et adresse de votre site Internet afin de r\u00e9pondre \u00e0 vos requ\u00eates.<br \/><br \/>Par exemple, le Propri\u00e9taire utilise ces donn\u00e9es pour r\u00e9pondre \u00e0 vos messages, doutes, plaintes, commentaires ou pr\u00e9occupations que vous pourriez avoir concernant les informations incluses sur le site Web, les services fournis via le site Web, le traitement de vos donn\u00e9es personnelles, les probl\u00e8mes relatifs aux textes inclus dans le site Web, ainsi que toute autre question que vous pouvez avoir et qui n\u2019est pas soumise aux conditions du site Web ou du contrat.<br \/><br \/>Il existe d\u2019autres fins pour lesquelles le Titulaire traite vos donn\u00e9es personnelles :<br \/>Garantir le respect des conditions contenues dans les mentions l\u00e9gales et dans la loi applicable. Cela peut inclure le d\u00e9veloppement d\u2019outils et d\u2019algorithmes qui aident ce site Web \u00e0 garantir la confidentialit\u00e9 des donn\u00e9es personnelles qu\u2019il collecte.<br \/>Soutenir et am\u00e9liorer les services offerts par ce site Web.<br \/><br \/>Analyser la navigation. Le propri\u00e9taire collecte d\u2019autres donn\u00e9es non identifiantes obtenues gr\u00e2ce \u00e0 l\u2019utilisation de cookies qui sont t\u00e9l\u00e9charg\u00e9s sur votre ordinateur lorsque vous naviguez sur le site Web dont les caract\u00e9ristiques et les finalit\u00e9s sont d\u00e9taill\u00e9es dans la politique de cookies.<br \/><br \/>Lle Titulaire est pr\u00e9sent sur les r\u00e9seaux sociaux. Si vous devenez abonn\u00e9 aux r\u00e9seaux sociaux du Titulaire, le traitement des donn\u00e9es personnelles sera r\u00e9gi par cette section, ainsi que par les conditions d\u2019utilisation, les politiques de confidentialit\u00e9 et les r\u00e9glementations d\u2019acc\u00e8s propres au r\u00e9seau social concern\u00e9 dans chaque cas, que vous avez accept\u00e9es pr\u00e9alablement :<\/p><p>SUPPRIMEZ CEUX QUE VOUS N&rsquo;UTILISEZ PAS :<\/p><p>Facebook<br \/>Twitter<br \/>Linkedin<br \/>YouTube<br \/>Instagram<br \/><br \/>Le propri\u00e9taire traitera vos donn\u00e9es personnelles afin de g\u00e9rer correctement leur pr\u00e9sence sur le r\u00e9seau social, de vous informer de leurs activit\u00e9s, produits ou services, ainsi qu\u2019\u00e0 toute autre fin autoris\u00e9e par la r\u00e9glementation des r\u00e9seaux sociaux.<br \/>En aucun cas, le Propri\u00e9taire n\u2019utilisera les profils des abonn\u00e9s sur les r\u00e9seaux sociaux pour envoyer de la publicit\u00e9 individuellement.<\/p><h4>S\u00e9curit\u00e9 des donn\u00e9es personnelles<\/h4><p>Pour prot\u00e9ger vos donn\u00e9es personnelles, le propri\u00e9taire prend toutes les pr\u00e9cautions raisonnables et suit les meilleures pratiques de l\u2019industrie pour emp\u00eacher leur perte, leur utilisation abusive, leur acc\u00e8s inappropri\u00e9, leur divulgation, leur alt\u00e9ration ou leur destruction.<br \/><br \/>Le site Web est h\u00e9berg\u00e9 par le Limbic. La s\u00e9curit\u00e9 de vos donn\u00e9es est garantie, car l\u2019h\u00e9bereur prend toutes les mesures de s\u00e9curit\u00e9 n\u00e9cessaires pour cela. Vous pouvez consulter sa politique de confidentialit\u00e9 pour plus d\u2019informations.<\/p><h4>Contenu d&rsquo;autres sites Web<\/h4><p>Les pages de ce site peuvent inclure des contenus int\u00e9gr\u00e9s (par exemple, des vid\u00e9os, des images, des articles, etc.). Le contenu int\u00e9gr\u00e9 d\u2019autres sites Web se comporte exactement de la m\u00eame mani\u00e8re que si vous aviez visit\u00e9 l\u2019autre site Web.<br \/><br \/>Ces sites Web peuvent collecter des donn\u00e9es vous concernant, utiliser des cookies, int\u00e9grer un code de suivi tiers suppl\u00e9mentaire et surveiller votre interaction \u00e0 l\u2019aide de ce code.<\/p><h4>Politique de cookies<\/h4><p>Pour que ce site Web fonctionne correctement, vous devez utiliser des cookies, qui sont des informations stock\u00e9es dans votre navigateur Web.<br \/><br \/>Sur la page Politique de cookies, vous pouvez consulter toutes les informations relatives \u00e0 la politique de collecte, \u00e0 la finalit\u00e9 et au traitement des cookies.<\/p><h4>L\u00e9gitimation du traitement des donn\u00e9es<\/h4><p>La base l\u00e9gale pour le traitement de vos donn\u00e9es est : le consentement.<br \/><br \/>Pour contacter le Propri\u00e9taire, vous abonner \u00e0 une newsletter ou faire des commentaires sur ce site Web, vous devez accepter cette Politique de confidentialit\u00e9.<\/p><h4>Cat\u00e9gories de donn\u00e9es personnelles<\/h4><p>Les cat\u00e9gories de donn\u00e9es personnelles trait\u00e9es par le Titulaire sont :<\/p><p>Donn\u00e9es d&rsquo;identification.<\/p><h4>Conservation des donn\u00e9es personnelles<\/h4><p>Les donn\u00e9es personnelles que vous fournissez au propri\u00e9taire seront conserv\u00e9es jusqu\u2019\u00e0 ce que vous demandiez leur suppression.<\/p><h4>Destinataires des donn\u00e9es personnelles<\/h4><p>Google Analytics est un service d\u2019analyse Web fourni par Google, Inc., une soci\u00e9t\u00e9 du Delaware dont le si\u00e8ge social est situ\u00e9 au 1600 Amphitheatre Parkway, Mountain View (Californie), CA 94043, \u00c9tats-Unis (\u00ab Google \u00bb). Vous trouverez plus d\u2019informations sur : https:\/\/analytics.google.com<br \/><br \/>Google Analytics utilise des \u00ab cookies \u00bb, qui sont des fichiers texte situ\u00e9s sur votre ordinateur, pour aider le propri\u00e9taire \u00e0 analyser l\u2019utilisation faite par les utilisateurs du site Web. Les informations g\u00e9n\u00e9r\u00e9es par les cookies concernant l\u2019utilisation du site (y compris votre adresse IP) seront directement transmises et stock\u00e9es par Google sur des serveurs aux \u00c9tats-Unis.<br \/><br \/>Vous pouvez \u00e9galement consulter une liste des types de cookies utilis\u00e9s par Google et ses collaborateurs et toutes les informations relatives \u00e0 l\u2019utilisation qu\u2019ils font des cookies publicitaires.<\/p><h4>Navigation Web<\/h4><p>Lors de la navigation sur le site Web, des donn\u00e9es non identifiantes peuvent \u00eatre collect\u00e9es, telles que l\u2019adresse IP, la g\u00e9olocalisation, un enregistrement de l\u2019utilisation des services et des sites, les habitudes de navigation et d\u2019autres donn\u00e9es ne permettant pas de vous identifier.<br \/><br \/>Le site Web utilise les services d\u2019analyse tiers suivants :<br \/>Google Analytics<br \/><br \/>Le propri\u00e9taire utilise les informations obtenues pour obtenir des donn\u00e9es statistiques, analyser les tendances, administrer le site, \u00e9tudier les habitudes de navigation et recueillir des informations d\u00e9mographiques.<\/p><h4>Exactitude et v\u00e9racit\u00e9 des donn\u00e9es personnelles<\/h4><p>Vous vous engagez \u00e0 ce que les donn\u00e9es fournies au Propri\u00e9taire soient correctes, compl\u00e8tes, exactes et \u00e0 jour, ainsi qu\u2019\u00e0 les tenir d\u00fbment mises \u00e0 jour.<br \/><br \/>En tant qu\u2019utilisateur du site Web, vous \u00eates seul responsable de la v\u00e9racit\u00e9 et de l\u2019exactitude des donn\u00e9es que vous envoyez au site, exon\u00e9rant le propri\u00e9taire de toute responsabilit\u00e9 \u00e0 cet \u00e9gard.<\/p><h4>Acceptation et consentement<\/h4><p>En tant qu\u2019utilisateur du site Web, vous d\u00e9clarez avoir \u00e9t\u00e9 inform\u00e9 des conditions de protection des donn\u00e9es personnelles, vous acceptez et consentez au traitement de celles-ci par le Propri\u00e9taire de la mani\u00e8re et aux fins indiqu\u00e9es dans la pr\u00e9sente Politique de confidentialit\u00e9.<\/p><h4>R\u00e9vocabilit\u00e9<\/h4><p>Pour exercer vos droits d\u2019acc\u00e8s, de rectification, d\u2019annulation, de portabilit\u00e9 et d\u2019opposition, vous devez envoyer un courrier \u00e9lectronique \u00e0 info@welysis.com accompagn\u00e9 d\u2019une preuve l\u00e9gale valide telle qu\u2019une photocopie de votre carte d\u2019identit\u00e9 ou \u00e9quivalent.<br \/><br \/>L\u2019exercice de vos droits n\u2019inclut aucune donn\u00e9e que le Propri\u00e9taire est tenu de conserver \u00e0 des fins administratives, juridiques ou de s\u00e9curit\u00e9.<\/p><h4>Modifications de la politique de confidentialit\u00e9<\/h4><p>Le Propri\u00e9taire se r\u00e9serve le droit de modifier la pr\u00e9sente Politique de confidentialit\u00e9 pour l\u2019adapter aux nouvelles l\u00e9gislations ou jurisprudences, ainsi qu\u2019aux pratiques de l\u2019industrie. Ces politiques seront en vigueur jusqu\u2019\u00e0 ce qu\u2019elles soient modifi\u00e9es par d\u2019autres d\u00fbment publi\u00e9es.<\/p>\t\t\t\t\t\t\t\t<\/div>\n\t\t\t\t<\/div>\n\t\t\t\t\t<\/div>\n\t\t<\/div>\n\t\t\t\t\t<\/div>\n\t\t<\/section>\n\t\t\t\t<\/div>\n\t\t","protected":false},"excerpt":{"rendered":"<p>Titulaire vous informe de sa politique de confidentialit\u00e9 concernant le traitement et la protection des donn\u00e9es personnelles des utilisateurs et des clients qui peuvent \u00eatre collect\u00e9es en naviguant ou en contractant des services via le site welysis.com. En ce sens, le propri\u00e9taire garantit le respect de la r\u00e9glementation en vigueur sur la protection des donn\u00e9es [&hellip;]<\/p>\n","protected":false},"author":10,"featured_media":0,"parent":0,"menu_order":0,"comment_status":"closed","ping_status":"closed","template":"","meta":{"footnotes":""},"class_list":["post-3265","page","type-page","status-publish","hentry"],"yoast_head":"<!-- This site is optimized with the Yoast SEO plugin v24.5 - https:\/\/yoast.com\/wordpress\/plugins\/seo\/ -->\n<title>MENTIONS L\u00c9GALES - Welysis<\/title>\n<meta name=\"robots\" content=\"noindex, nofollow\" \/>\n<meta property=\"og:locale\" content=\"fr_FR\" \/>\n<meta property=\"og:type\" content=\"article\" \/>\n<meta property=\"og:title\" content=\"MENTIONS L\u00c9GALES - Welysis\" \/>\n<meta property=\"og:description\" content=\"Titulaire vous informe de sa politique de confidentialit\u00e9 concernant le traitement et la protection des donn\u00e9es personnelles des utilisateurs et des clients qui peuvent \u00eatre collect\u00e9es en naviguant ou en contractant des services via le site welysis.com. En ce sens, le propri\u00e9taire garantit le respect de la r\u00e9glementation en vigueur sur la protection des donn\u00e9es [&hellip;]\" \/>\n<meta property=\"og:url\" content=\"https:\/\/welysis.com\/fr\/mention-legale\" \/>\n<meta property=\"og:site_name\" content=\"Welysis\" \/>\n<meta property=\"article:modified_time\" content=\"2024-08-05T15:58:47+00:00\" \/>\n<meta name=\"twitter:card\" content=\"summary_large_image\" \/>\n<meta name=\"twitter:label1\" content=\"Dur\u00e9e de lecture estim\u00e9e\" \/>\n\t<meta name=\"twitter:data1\" content=\"9 minutes\" \/>\n<script type=\"application\/ld+json\" class=\"yoast-schema-graph\">{\"@context\":\"https:\/\/schema.org\",\"@graph\":[{\"@type\":\"WebPage\",\"@id\":\"https:\/\/welysis.com\/fr\/mention-legale\",\"url\":\"https:\/\/welysis.com\/fr\/mention-legale\",\"name\":\"MENTIONS L\u00c9GALES - Welysis\",\"isPartOf\":{\"@id\":\"http:\/\/welysis.com\/fr\/#website\"},\"datePublished\":\"2023-08-27T11:15:41+00:00\",\"dateModified\":\"2024-08-05T15:58:47+00:00\",\"breadcrumb\":{\"@id\":\"https:\/\/welysis.com\/fr\/mention-legale#breadcrumb\"},\"inLanguage\":\"fr-FR\",\"potentialAction\":[{\"@type\":\"ReadAction\",\"target\":[\"https:\/\/welysis.com\/fr\/mention-legale\"]}]},{\"@type\":\"BreadcrumbList\",\"@id\":\"https:\/\/welysis.com\/fr\/mention-legale#breadcrumb\",\"itemListElement\":[{\"@type\":\"ListItem\",\"position\":1,\"name\":\"Portada\",\"item\":\"http:\/\/welysis.com\/fr\"},{\"@type\":\"ListItem\",\"position\":2,\"name\":\"MENTIONS L\u00c9GALES\"}]},{\"@type\":\"WebSite\",\"@id\":\"http:\/\/welysis.com\/fr\/#website\",\"url\":\"http:\/\/welysis.com\/fr\/\",\"name\":\"Welysis - Electrolysis plants for local chlorine production\",\"description\":\"+ Than Electrolysis\",\"publisher\":{\"@id\":\"http:\/\/welysis.com\/fr\/#organization\"},\"potentialAction\":[{\"@type\":\"SearchAction\",\"target\":{\"@type\":\"EntryPoint\",\"urlTemplate\":\"http:\/\/welysis.com\/fr\/?s={search_term_string}\"},\"query-input\":{\"@type\":\"PropertyValueSpecification\",\"valueRequired\":true,\"valueName\":\"search_term_string\"}}],\"inLanguage\":\"fr-FR\"},{\"@type\":\"Organization\",\"@id\":\"http:\/\/welysis.com\/fr\/#organization\",\"name\":\"Welysis\",\"url\":\"http:\/\/welysis.com\/fr\/\",\"logo\":{\"@type\":\"ImageObject\",\"inLanguage\":\"fr-FR\",\"@id\":\"http:\/\/welysis.com\/fr\/#\/schema\/logo\/image\/\",\"url\":\"https:\/\/welysis.com\/wp-content\/uploads\/2023\/04\/logo-1.svg\",\"contentUrl\":\"https:\/\/welysis.com\/wp-content\/uploads\/2023\/04\/logo-1.svg\",\"caption\":\"Welysis\"},\"image\":{\"@id\":\"http:\/\/welysis.com\/fr\/#\/schema\/logo\/image\/\"},\"sameAs\":[\"https:\/\/www.linkedin.com\/company\/welysis\/\"]}]}<\/script>\n<!-- \/ Yoast SEO plugin. -->","yoast_head_json":{"title":"MENTIONS L\u00c9GALES - Welysis","robots":{"index":"noindex","follow":"nofollow"},"og_locale":"fr_FR","og_type":"article","og_title":"MENTIONS L\u00c9GALES - Welysis","og_description":"Titulaire vous informe de sa politique de confidentialit\u00e9 concernant le traitement et la protection des donn\u00e9es personnelles des utilisateurs et des clients qui peuvent \u00eatre collect\u00e9es en naviguant ou en contractant des services via le site welysis.com. En ce sens, le propri\u00e9taire garantit le respect de la r\u00e9glementation en vigueur sur la protection des donn\u00e9es [&hellip;]","og_url":"https:\/\/welysis.com\/fr\/mention-legale","og_site_name":"Welysis","article_modified_time":"2024-08-05T15:58:47+00:00","twitter_card":"summary_large_image","twitter_misc":{"Dur\u00e9e de lecture estim\u00e9e":"9 minutes"},"schema":{"@context":"https:\/\/schema.org","@graph":[{"@type":"WebPage","@id":"https:\/\/welysis.com\/fr\/mention-legale","url":"https:\/\/welysis.com\/fr\/mention-legale","name":"MENTIONS L\u00c9GALES - Welysis","isPartOf":{"@id":"http:\/\/welysis.com\/fr\/#website"},"datePublished":"2023-08-27T11:15:41+00:00","dateModified":"2024-08-05T15:58:47+00:00","breadcrumb":{"@id":"https:\/\/welysis.com\/fr\/mention-legale#breadcrumb"},"inLanguage":"fr-FR","potentialAction":[{"@type":"ReadAction","target":["https:\/\/welysis.com\/fr\/mention-legale"]}]},{"@type":"BreadcrumbList","@id":"https:\/\/welysis.com\/fr\/mention-legale#breadcrumb","itemListElement":[{"@type":"ListItem","position":1,"name":"Portada","item":"http:\/\/welysis.com\/fr"},{"@type":"ListItem","position":2,"name":"MENTIONS L\u00c9GALES"}]},{"@type":"WebSite","@id":"http:\/\/welysis.com\/fr\/#website","url":"http:\/\/welysis.com\/fr\/","name":"Welysis - Electrolysis plants for local chlorine production","description":"+ Than Electrolysis","publisher":{"@id":"http:\/\/welysis.com\/fr\/#organization"},"potentialAction":[{"@type":"SearchAction","target":{"@type":"EntryPoint","urlTemplate":"http:\/\/welysis.com\/fr\/?s={search_term_string}"},"query-input":{"@type":"PropertyValueSpecification","valueRequired":true,"valueName":"search_term_string"}}],"inLanguage":"fr-FR"},{"@type":"Organization","@id":"http:\/\/welysis.com\/fr\/#organization","name":"Welysis","url":"http:\/\/welysis.com\/fr\/","logo":{"@type":"ImageObject","inLanguage":"fr-FR","@id":"http:\/\/welysis.com\/fr\/#\/schema\/logo\/image\/","url":"https:\/\/welysis.com\/wp-content\/uploads\/2023\/04\/logo-1.svg","contentUrl":"https:\/\/welysis.com\/wp-content\/uploads\/2023\/04\/logo-1.svg","caption":"Welysis"},"image":{"@id":"http:\/\/welysis.com\/fr\/#\/schema\/logo\/image\/"},"sameAs":["https:\/\/www.linkedin.com\/company\/welysis\/"]}]}},"_links":{"self":[{"href":"https:\/\/welysis.com\/fr\/wp-json\/wp\/v2\/pages\/3265","targetHints":{"allow":["GET"]}}],"collection":[{"href":"https:\/\/welysis.com\/fr\/wp-json\/wp\/v2\/pages"}],"about":[{"href":"https:\/\/welysis.com\/fr\/wp-json\/wp\/v2\/types\/page"}],"author":[{"embeddable":true,"href":"https:\/\/welysis.com\/fr\/wp-json\/wp\/v2\/users\/10"}],"replies":[{"embeddable":true,"href":"https:\/\/welysis.com\/fr\/wp-json\/wp\/v2\/comments?post=3265"}],"version-history":[{"count":8,"href":"https:\/\/welysis.com\/fr\/wp-json\/wp\/v2\/pages\/3265\/revisions"}],"predecessor-version":[{"id":5194,"href":"https:\/\/welysis.com\/fr\/wp-json\/wp\/v2\/pages\/3265\/revisions\/5194"}],"wp:attachment":[{"href":"https:\/\/welysis.com\/fr\/wp-json\/wp\/v2\/media?parent=3265"}],"curies":[{"name":"wp","href":"https:\/\/api.w.org\/{rel}","templated":true}]}}